{"id":513,"date":"2020-05-05T09:43:05","date_gmt":"2020-05-05T09:43:05","guid":{"rendered":"https:\/\/eshuttlebus.be\/service-garantie\/"},"modified":"2024-01-31T18:06:25","modified_gmt":"2024-01-31T18:06:25","slug":"service-et-garantie","status":"publish","type":"page","link":"https:\/\/eshuttlebus.be\/fr\/service-et-garantie\/","title":{"rendered":"Service et Garantie"},"content":{"rendered":"\t\t<div data-elementor-type=\"wp-page\" data-elementor-id=\"513\" class=\"elementor elementor-513 elementor-14\" data-elementor-post-type=\"page\">\n\t\t\t\t\t\t<section class=\"elementor-section elementor-top-section elementor-element elementor-element-21e8ba06 elementor-section-height-min-height elementor-section-boxed elementor-section-height-default elementor-section-items-middle\" data-id=\"21e8ba06\" data-element_type=\"section\" data-e-type=\"section\" data-settings=\"{&quot;background_background&quot;:&quot;classic&quot;,&quot;shape_divider_bottom&quot;:&quot;opacity-tilt&quot;}\">\n\t\t\t\t\t\t\t<div class=\"elementor-background-overlay\"><\/div>\n\t\t\t\t\t\t<div class=\"elementor-shape elementor-shape-bottom\" aria-hidden=\"true\" data-negative=\"false\">\n\t\t\t<svg xmlns=\"http:\/\/www.w3.org\/2000\/svg\" viewBox=\"0 0 2600 131.1\" preserveAspectRatio=\"none\">\n\t<path class=\"elementor-shape-fill\" d=\"M0 0L2600 0 2600 69.1 0 0z\"\/>\n\t<path class=\"elementor-shape-fill\" style=\"opacity:0.5\" d=\"M0 0L2600 0 2600 69.1 0 69.1z\"\/>\n\t<path class=\"elementor-shape-fill\" style=\"opacity:0.25\" d=\"M2600 0L0 0 0 130.1 2600 69.1z\"\/>\n<\/svg>\t\t<\/div>\n\t\t\t\t\t<div class=\"elementor-container elementor-column-gap-default\">\n\t\t\t\t\t<div class=\"elementor-column elementor-col-100 elementor-top-column elementor-element elementor-element-1698097e\" data-id=\"1698097e\" data-element_type=\"column\" data-e-type=\"column\">\n\t\t\t<div class=\"elementor-widget-wrap elementor-element-populated\">\n\t\t\t\t\t\t<div class=\"elementor-element elementor-element-1469b27f elementor-widget elementor-widget-heading\" data-id=\"1469b27f\" data-element_type=\"widget\" data-e-type=\"widget\" data-widget_type=\"heading.default\">\n\t\t\t\t<div class=\"elementor-widget-container\">\n\t\t\t\t\t<h1 class=\"elementor-heading-title elementor-size-default\">SERVICE ET GARANTIE<\/h1>\t\t\t\t<\/div>\n\t\t\t\t<\/div>\n\t\t\t\t<div class=\"elementor-element elementor-element-770c37a8 elementor-widget elementor-widget-heading\" data-id=\"770c37a8\" data-element_type=\"widget\" data-e-type=\"widget\" data-widget_type=\"heading.default\">\n\t\t\t\t<div class=\"elementor-widget-container\">\n\t\t\t\t\t<h2 class=\"elementor-heading-title elementor-size-default\">Service et garantie 100% transport \u00e9cologique de passagers\n<\/h2>\t\t\t\t<\/div>\n\t\t\t\t<\/div>\n\t\t\t\t\t<\/div>\n\t\t<\/div>\n\t\t\t\t\t<\/div>\n\t\t<\/section>\n\t\t\t\t<section class=\"elementor-section elementor-top-section elementor-element elementor-element-1356e414 elementor-section-full_width elementor-section-height-default elementor-section-height-default\" data-id=\"1356e414\" data-element_type=\"section\" data-e-type=\"section\">\n\t\t\t\t\t\t<div class=\"elementor-container elementor-column-gap-default\">\n\t\t\t\t\t<div class=\"elementor-column elementor-col-50 elementor-top-column elementor-element elementor-element-5e34592f\" data-id=\"5e34592f\" data-element_type=\"column\" data-e-type=\"column\">\n\t\t\t<div class=\"elementor-widget-wrap elementor-element-populated\">\n\t\t\t\t\t\t<div class=\"elementor-element elementor-element-4be07a1c elementor-widget elementor-widget-heading\" data-id=\"4be07a1c\" data-element_type=\"widget\" data-e-type=\"widget\" data-widget_type=\"heading.default\">\n\t\t\t\t<div class=\"elementor-widget-container\">\n\t\t\t\t\t<h2 class=\"elementor-heading-title elementor-size-default\">PROPRE SERVICE ET SERVICE D\u2019ENTRETIEN <\/h2>\t\t\t\t<\/div>\n\t\t\t\t<\/div>\n\t\t\t\t<div class=\"elementor-element elementor-element-30f3807e elementor-widget elementor-widget-text-editor\" data-id=\"30f3807e\" data-element_type=\"widget\" data-e-type=\"widget\" data-widget_type=\"text-editor.default\">\n\t\t\t\t<div class=\"elementor-widget-container\">\n\t\t\t\t\t\t\t\t\t<p>Nous avons notre propre service  d\u2019entretien.\u00a0Vous pouvez vous attendre \u00e0 un excellent service et la garantie de notre part.  Nous sommes connus pour cela.\u00a0\u00a0Nos navettes \u00e9lectriques sont adapt\u00e9es aux conditions routi\u00e8res et \u00e0 la l\u00e9gislation par pays.\u00a0Invest-Mobile a un soutien suppl\u00e9mentaire des d\u00e9m\u00e9nageurs de personnes (People Movers) pour toutes les calamit\u00e9s, en utilisant cette m\u00e9thode, nous avons d\u00e9j\u00e0 \u00e9t\u00e9 en mesure d\u2019aider de nombreux bus e-navette qui sont utilis\u00e9s pour les achats de No\u00ebl, un accident peut survenir \u00e0 n\u2019importe quel moment et surtout  o\u00f9 il y a  beaucoup de circulation.<\/p>\n\n<p>Le service client\u00e8le t\u00e9l\u00e9phonique est disponible 24 heures sur 24 pour aider nos clients et ce 7 jours sur 7.<\/p>\n\n<p>Nous avons donc tous nos v\u00e9hicules \u00e9lectriques de remplacement et pi\u00e8ces d\u00e9tach\u00e9es end\u00e9ans les 24 heures \u00e0 l\u2019emplacement souhait\u00e9 par le client.\u00a0Les temps d\u2019arr\u00eat co\u00fbtent de l\u2019argent.<\/p>\n\n<p>Lors de la livraison des navettes \u00e9lectriques vendues, les pi\u00e8ces et la liste de contr\u00f4le sont livr\u00e9es gratuitement au nouveau propri\u00e9taire afin que votre propre service technique puisse prendre soin de l\u2019entretien pr\u00e9ventif. La r\u00e9daction  d\u2019un contrat de maintenance annuel avec le chef du service technique de votre entreprise est \u00e9galement possible.<\/p>\n\n<p>Voulez-vous  tester une e- navette  ou e-train.\u00a0Nous avons toujours des v\u00e9hicules d\u2019essai en stock.<\/p>\n\n<p>C\u2019est pourquoi nos clients sont aussi nos ambassadeurs et nos vendeurs.<\/p>\n\n<h4>Le concept de \u00ab\u00a0transport sur mesure\u00a0\u00bb.<\/h4>\n\n<p>Les inconv\u00e9nients caus\u00e9s par le nombre croissant d\u2019usagers de voitures semblent \u00eatre particuli\u00e8rement probl\u00e9matique dans les villes et les municipalit\u00e9s c\u00f4ti\u00e8res.\u00a0Il y a donc une utilisation croissante des zones de stationnement \u00e0 l\u2019ext\u00e9rieur de la ville.<\/p>\n\n<p>Diffuser le tourisme d\u2019achat en exploitant  les parkings p\u00e9riph\u00e9riques en collaboration avec les bus e-navettes offre donc de nombreux opportunit\u00e9s.<\/p>\n\n<p>Nos navettes \u00e9lectriques sont id\u00e9ales dans les nouvelles r\u00e9gions de transport qui d\u00e9marrent actuellement au Benelux.<\/p>\n\n<p>Si vous souhaitez un soutien dans votre planification de la mobilit\u00e9 de votre r\u00e9gion ou ville, municipalit\u00e9, notre \u00e9quipe de direction professionnelle d\u2019Invest-Mobile a 10 ans d\u2019exp\u00e9rience dans l\u2019exploitation de v\u00e9hicules \u00e9lectriques en Europe et nous serons ravis de vous renseigner.\u00a0Nous aimerions certainement discuter d\u2019un concept total de v\u00e9hicule pour rendre l\u2019op\u00e9ration rentable ensemble.\u00a0N\u2019h\u00e9sitez pas \u00e0 demander un rendez-vous.<\/p>\n\n<p>Une bonne connaissance des derniers d\u00e9veloppements et une vision de l\u2019avenir en mati\u00e8re de mobilit\u00e9 urbaine sont importantes pour faire le bon choix.<\/p>\t\t\t\t\t\t\t\t<\/div>\n\t\t\t\t<\/div>\n\t\t\t\t\t<\/div>\n\t\t<\/div>\n\t\t\t\t<div class=\"elementor-column elementor-col-50 elementor-top-column elementor-element elementor-element-5afe9aec\" data-id=\"5afe9aec\" data-element_type=\"column\" data-e-type=\"column\" data-settings=\"{&quot;background_background&quot;:&quot;classic&quot;}\">\n\t\t\t<div class=\"elementor-widget-wrap elementor-element-populated\">\n\t\t\t\t\t\t<div class=\"elementor-element elementor-element-2ad8863e elementor-widget elementor-widget-spacer\" data-id=\"2ad8863e\" data-element_type=\"widget\" data-e-type=\"widget\" data-widget_type=\"spacer.default\">\n\t\t\t\t<div class=\"elementor-widget-container\">\n\t\t\t\t\t\t\t<div class=\"elementor-spacer\">\n\t\t\t<div class=\"elementor-spacer-inner\"><\/div>\n\t\t<\/div>\n\t\t\t\t\t\t<\/div>\n\t\t\t\t<\/div>\n\t\t\t\t\t<\/div>\n\t\t<\/div>\n\t\t\t\t\t<\/div>\n\t\t<\/section>\n\t\t\t\t<\/div>\n\t\t","protected":false},"excerpt":{"rendered":"<p>SERVICE ET GARANTIE Service et garantie 100% transport \u00e9cologique de passagers PROPRE SERVICE ET SERVICE D\u2019ENTRETIEN Nous avons notre propre service d\u2019entretien.\u00a0Vous pouvez vous attendre \u00e0 un excellent service et la garantie de notre part. Nous sommes connus pour cela.\u00a0\u00a0Nos navettes \u00e9lectriques sont adapt\u00e9es aux conditions routi\u00e8res et \u00e0 la l\u00e9gislation par pays.\u00a0Invest-Mobile a un [&hellip;]<\/p>\n","protected":false},"author":1,"featured_media":0,"parent":0,"menu_order":0,"comment_status":"closed","ping_status":"closed","template":"elementor_header_footer","meta":{"footnotes":""},"class_list":["post-513","page","type-page","status-publish","hentry"],"yoast_head":"<!-- This site is optimized with the Yoast SEO plugin v26.9 - https:\/\/yoast.com\/product\/yoast-seo-wordpress\/ -->\n<title>Service et Garantie - e-shuttlebus<\/title>\n<meta name=\"description\" content=\"Wij staan bekend voor onze uitstekende service en garnatie! En we beschikken over een eigen service- en onderhoudsdienst.\" \/>\n<meta name=\"robots\" content=\"index, follow, max-snippet:-1, max-image-preview:large, max-video-preview:-1\" \/>\n<link rel=\"canonical\" href=\"https:\/\/eshuttlebus.be\/service-garantie\/\" \/>\n<meta property=\"og:locale\" content=\"fr_FR\" \/>\n<meta property=\"og:type\" content=\"article\" \/>\n<meta property=\"og:title\" content=\"Service et Garantie - e-shuttlebus\" \/>\n<meta property=\"og:description\" content=\"Wij staan bekend voor onze uitstekende service en garnatie! En we beschikken over een eigen service- en onderhoudsdienst.\" \/>\n<meta property=\"og:url\" content=\"https:\/\/eshuttlebus.be\/service-garantie\/\" \/>\n<meta property=\"og:site_name\" content=\"e-shuttlebus\" \/>\n<meta property=\"article:modified_time\" content=\"2024-01-31T18:06:25+00:00\" \/>\n<meta name=\"twitter:card\" content=\"summary_large_image\" \/>\n<meta name=\"twitter:label1\" content=\"Dur\u00e9e de lecture est.\" \/>\n\t<meta name=\"twitter:data1\" content=\"3 minutes\" \/>\n<script type=\"application\/ld+json\" class=\"yoast-schema-graph\">{\"@context\":\"https:\/\/schema.org\",\"@graph\":[{\"@type\":\"WebPage\",\"@id\":\"https:\/\/eshuttlebus.be\/service-garantie\/\",\"url\":\"https:\/\/eshuttlebus.be\/service-garantie\/\",\"name\":\"Service et Garantie - e-shuttlebus\",\"isPartOf\":{\"@id\":\"https:\/\/eshuttlebus.be\/#website\"},\"datePublished\":\"2020-05-05T09:43:05+00:00\",\"dateModified\":\"2024-01-31T18:06:25+00:00\",\"description\":\"Wij staan bekend voor onze uitstekende service en garnatie! En we beschikken over een eigen service- en onderhoudsdienst.\",\"breadcrumb\":{\"@id\":\"https:\/\/eshuttlebus.be\/service-garantie\/#breadcrumb\"},\"inLanguage\":\"fr-BE\",\"potentialAction\":[{\"@type\":\"ReadAction\",\"target\":[\"https:\/\/eshuttlebus.be\/service-garantie\/\"]}]},{\"@type\":\"BreadcrumbList\",\"@id\":\"https:\/\/eshuttlebus.be\/service-garantie\/#breadcrumb\",\"itemListElement\":[{\"@type\":\"ListItem\",\"position\":1,\"name\":\"Home\",\"item\":\"https:\/\/eshuttlebus.be\/fr\/\"},{\"@type\":\"ListItem\",\"position\":2,\"name\":\"Service et Garantie\"}]},{\"@type\":\"WebSite\",\"@id\":\"https:\/\/eshuttlebus.be\/#website\",\"url\":\"https:\/\/eshuttlebus.be\/\",\"name\":\"e-shuttlebus\",\"description\":\"100% elektrisch en milieuvriendelijk personenvervoer\",\"publisher\":{\"@id\":\"https:\/\/eshuttlebus.be\/#organization\"},\"potentialAction\":[{\"@type\":\"SearchAction\",\"target\":{\"@type\":\"EntryPoint\",\"urlTemplate\":\"https:\/\/eshuttlebus.be\/?s={search_term_string}\"},\"query-input\":{\"@type\":\"PropertyValueSpecification\",\"valueRequired\":true,\"valueName\":\"search_term_string\"}}],\"inLanguage\":\"fr-BE\"},{\"@type\":\"Organization\",\"@id\":\"https:\/\/eshuttlebus.be\/#organization\",\"name\":\"e-shuttlebus DistriMob\",\"url\":\"https:\/\/eshuttlebus.be\/\",\"logo\":{\"@type\":\"ImageObject\",\"inLanguage\":\"fr-BE\",\"@id\":\"https:\/\/eshuttlebus.be\/#\/schema\/logo\/image\/\",\"url\":\"https:\/\/eshuttlebus.be\/wp-content\/uploads\/2020\/05\/e-shuttlebus-logo.png\",\"contentUrl\":\"https:\/\/eshuttlebus.be\/wp-content\/uploads\/2020\/05\/e-shuttlebus-logo.png\",\"width\":549,\"height\":157,\"caption\":\"e-shuttlebus DistriMob\"},\"image\":{\"@id\":\"https:\/\/eshuttlebus.be\/#\/schema\/logo\/image\/\"}}]}<\/script>\n<!-- \/ Yoast SEO plugin. -->","yoast_head_json":{"title":"Service et Garantie - e-shuttlebus","description":"Wij staan bekend voor onze uitstekende service en garnatie! En we beschikken over een eigen service- en onderhoudsdienst.","robots":{"index":"index","follow":"follow","max-snippet":"max-snippet:-1","max-image-preview":"max-image-preview:large","max-video-preview":"max-video-preview:-1"},"canonical":"https:\/\/eshuttlebus.be\/service-garantie\/","og_locale":"fr_FR","og_type":"article","og_title":"Service et Garantie - e-shuttlebus","og_description":"Wij staan bekend voor onze uitstekende service en garnatie! En we beschikken over een eigen service- en onderhoudsdienst.","og_url":"https:\/\/eshuttlebus.be\/service-garantie\/","og_site_name":"e-shuttlebus","article_modified_time":"2024-01-31T18:06:25+00:00","twitter_card":"summary_large_image","twitter_misc":{"Dur\u00e9e de lecture est.":"3 minutes"},"schema":{"@context":"https:\/\/schema.org","@graph":[{"@type":"WebPage","@id":"https:\/\/eshuttlebus.be\/service-garantie\/","url":"https:\/\/eshuttlebus.be\/service-garantie\/","name":"Service et Garantie - e-shuttlebus","isPartOf":{"@id":"https:\/\/eshuttlebus.be\/#website"},"datePublished":"2020-05-05T09:43:05+00:00","dateModified":"2024-01-31T18:06:25+00:00","description":"Wij staan bekend voor onze uitstekende service en garnatie! En we beschikken over een eigen service- en onderhoudsdienst.","breadcrumb":{"@id":"https:\/\/eshuttlebus.be\/service-garantie\/#breadcrumb"},"inLanguage":"fr-BE","potentialAction":[{"@type":"ReadAction","target":["https:\/\/eshuttlebus.be\/service-garantie\/"]}]},{"@type":"BreadcrumbList","@id":"https:\/\/eshuttlebus.be\/service-garantie\/#breadcrumb","itemListElement":[{"@type":"ListItem","position":1,"name":"Home","item":"https:\/\/eshuttlebus.be\/fr\/"},{"@type":"ListItem","position":2,"name":"Service et Garantie"}]},{"@type":"WebSite","@id":"https:\/\/eshuttlebus.be\/#website","url":"https:\/\/eshuttlebus.be\/","name":"e-shuttlebus","description":"100% elektrisch en milieuvriendelijk personenvervoer","publisher":{"@id":"https:\/\/eshuttlebus.be\/#organization"},"potentialAction":[{"@type":"SearchAction","target":{"@type":"EntryPoint","urlTemplate":"https:\/\/eshuttlebus.be\/?s={search_term_string}"},"query-input":{"@type":"PropertyValueSpecification","valueRequired":true,"valueName":"search_term_string"}}],"inLanguage":"fr-BE"},{"@type":"Organization","@id":"https:\/\/eshuttlebus.be\/#organization","name":"e-shuttlebus DistriMob","url":"https:\/\/eshuttlebus.be\/","logo":{"@type":"ImageObject","inLanguage":"fr-BE","@id":"https:\/\/eshuttlebus.be\/#\/schema\/logo\/image\/","url":"https:\/\/eshuttlebus.be\/wp-content\/uploads\/2020\/05\/e-shuttlebus-logo.png","contentUrl":"https:\/\/eshuttlebus.be\/wp-content\/uploads\/2020\/05\/e-shuttlebus-logo.png","width":549,"height":157,"caption":"e-shuttlebus DistriMob"},"image":{"@id":"https:\/\/eshuttlebus.be\/#\/schema\/logo\/image\/"}}]}},"_links":{"self":[{"href":"https:\/\/eshuttlebus.be\/fr\/wp-json\/wp\/v2\/pages\/513","targetHints":{"allow":["GET"]}}],"collection":[{"href":"https:\/\/eshuttlebus.be\/fr\/wp-json\/wp\/v2\/pages"}],"about":[{"href":"https:\/\/eshuttlebus.be\/fr\/wp-json\/wp\/v2\/types\/page"}],"author":[{"embeddable":true,"href":"https:\/\/eshuttlebus.be\/fr\/wp-json\/wp\/v2\/users\/1"}],"replies":[{"embeddable":true,"href":"https:\/\/eshuttlebus.be\/fr\/wp-json\/wp\/v2\/comments?post=513"}],"version-history":[{"count":8,"href":"https:\/\/eshuttlebus.be\/fr\/wp-json\/wp\/v2\/pages\/513\/revisions"}],"predecessor-version":[{"id":1013,"href":"https:\/\/eshuttlebus.be\/fr\/wp-json\/wp\/v2\/pages\/513\/revisions\/1013"}],"wp:attachment":[{"href":"https:\/\/eshuttlebus.be\/fr\/wp-json\/wp\/v2\/media?parent=513"}],"curies":[{"name":"wp","href":"https:\/\/api.w.org\/{rel}","templated":true}]}}