{"id":500,"date":"2020-05-05T09:42:36","date_gmt":"2020-05-05T09:42:36","guid":{"rendered":"https:\/\/eshuttlebus.be\/e-shuttlebus-kopen\/"},"modified":"2024-01-31T18:02:04","modified_gmt":"2024-01-31T18:02:04","slug":"achat-de-e-shuttle-bus","status":"publish","type":"page","link":"https:\/\/eshuttlebus.be\/fr\/achat-de-e-shuttle-bus\/","title":{"rendered":"Achat de e-shuttle bus"},"content":{"rendered":"\t\t<div data-elementor-type=\"wp-page\" data-elementor-id=\"500\" class=\"elementor elementor-500 elementor-10\" data-elementor-post-type=\"page\">\n\t\t\t\t\t\t<section class=\"elementor-section elementor-top-section elementor-element elementor-element-216ebfca elementor-section-height-min-height elementor-section-boxed elementor-section-height-default elementor-section-items-middle\" data-id=\"216ebfca\" data-element_type=\"section\" data-e-type=\"section\" data-settings=\"{&quot;background_background&quot;:&quot;classic&quot;,&quot;shape_divider_bottom&quot;:&quot;opacity-tilt&quot;}\">\n\t\t\t\t\t\t\t<div class=\"elementor-background-overlay\"><\/div>\n\t\t\t\t\t\t<div class=\"elementor-shape elementor-shape-bottom\" aria-hidden=\"true\" data-negative=\"false\">\n\t\t\t<svg xmlns=\"http:\/\/www.w3.org\/2000\/svg\" viewBox=\"0 0 2600 131.1\" preserveAspectRatio=\"none\">\n\t<path class=\"elementor-shape-fill\" d=\"M0 0L2600 0 2600 69.1 0 0z\"\/>\n\t<path class=\"elementor-shape-fill\" style=\"opacity:0.5\" d=\"M0 0L2600 0 2600 69.1 0 69.1z\"\/>\n\t<path class=\"elementor-shape-fill\" style=\"opacity:0.25\" d=\"M2600 0L0 0 0 130.1 2600 69.1z\"\/>\n<\/svg>\t\t<\/div>\n\t\t\t\t\t<div class=\"elementor-container elementor-column-gap-default\">\n\t\t\t\t\t<div class=\"elementor-column elementor-col-100 elementor-top-column elementor-element elementor-element-7a69bd80\" data-id=\"7a69bd80\" data-element_type=\"column\" data-e-type=\"column\">\n\t\t\t<div class=\"elementor-widget-wrap elementor-element-populated\">\n\t\t\t\t\t\t<div class=\"elementor-element elementor-element-617300e1 elementor-widget elementor-widget-heading\" data-id=\"617300e1\" data-element_type=\"widget\" data-e-type=\"widget\" data-widget_type=\"heading.default\">\n\t\t\t\t<div class=\"elementor-widget-container\">\n\t\t\t\t\t<h1 class=\"elementor-heading-title elementor-size-default\">achat de e-shuttle bus<\/h1>\t\t\t\t<\/div>\n\t\t\t\t<\/div>\n\t\t\t\t<div class=\"elementor-element elementor-element-386431b0 elementor-widget elementor-widget-heading\" data-id=\"386431b0\" data-element_type=\"widget\" data-e-type=\"widget\" data-widget_type=\"heading.default\">\n\t\t\t\t<div class=\"elementor-widget-container\">\n\t\t\t\t\t<h2 class=\"elementor-heading-title elementor-size-default\">Acheter navette \u00e9lectrique<\/h2>\t\t\t\t<\/div>\n\t\t\t\t<\/div>\n\t\t\t\t\t<\/div>\n\t\t<\/div>\n\t\t\t\t\t<\/div>\n\t\t<\/section>\n\t\t\t\t<section class=\"elementor-section elementor-top-section elementor-element elementor-element-6b3eeeb0 elementor-section-full_width elementor-reverse-tablet elementor-reverse-mobile elementor-section-height-default elementor-section-height-default\" data-id=\"6b3eeeb0\" data-element_type=\"section\" data-e-type=\"section\">\n\t\t\t\t\t\t<div class=\"elementor-container elementor-column-gap-no\">\n\t\t\t\t\t<div class=\"elementor-column elementor-col-50 elementor-top-column elementor-element elementor-element-5997e434\" data-id=\"5997e434\" data-element_type=\"column\" data-e-type=\"column\" data-settings=\"{&quot;background_background&quot;:&quot;classic&quot;}\">\n\t\t\t<div class=\"elementor-widget-wrap elementor-element-populated\">\n\t\t\t\t\t\t<div class=\"elementor-element elementor-element-48d7c8a9 elementor-widget elementor-widget-spacer\" data-id=\"48d7c8a9\" data-element_type=\"widget\" data-e-type=\"widget\" data-widget_type=\"spacer.default\">\n\t\t\t\t<div class=\"elementor-widget-container\">\n\t\t\t\t\t\t\t<div class=\"elementor-spacer\">\n\t\t\t<div class=\"elementor-spacer-inner\"><\/div>\n\t\t<\/div>\n\t\t\t\t\t\t<\/div>\n\t\t\t\t<\/div>\n\t\t\t\t\t<\/div>\n\t\t<\/div>\n\t\t\t\t<div class=\"elementor-column elementor-col-50 elementor-top-column elementor-element elementor-element-353261b7\" data-id=\"353261b7\" data-element_type=\"column\" data-e-type=\"column\">\n\t\t\t<div class=\"elementor-widget-wrap elementor-element-populated\">\n\t\t\t\t\t\t<div class=\"elementor-element elementor-element-ac6190a elementor-widget elementor-widget-heading\" data-id=\"ac6190a\" data-element_type=\"widget\" data-e-type=\"widget\" data-widget_type=\"heading.default\">\n\t\t\t\t<div class=\"elementor-widget-container\">\n\t\t\t\t\t<h6 class=\"elementor-heading-title elementor-size-default\">100% \u00e9lectrique<\/h6>\t\t\t\t<\/div>\n\t\t\t\t<\/div>\n\t\t\t\t<div class=\"elementor-element elementor-element-36baada6 elementor-widget elementor-widget-heading\" data-id=\"36baada6\" data-element_type=\"widget\" data-e-type=\"widget\" data-widget_type=\"heading.default\">\n\t\t\t\t<div class=\"elementor-widget-container\">\n\t\t\t\t\t<h2 class=\"elementor-heading-title elementor-size-default\">Toutes les options possibles.\u00a0Version ouverte ou ferm\u00e9e ...\n<\/h2>\t\t\t\t<\/div>\n\t\t\t\t<\/div>\n\t\t\t\t<div class=\"elementor-element elementor-element-3cfdc383 elementor-widget elementor-widget-text-editor\" data-id=\"3cfdc383\" data-element_type=\"widget\" data-e-type=\"widget\" data-widget_type=\"text-editor.default\">\n\t\t\t\t<div class=\"elementor-widget-container\">\n\t\t\t\t\t\t\t\t\tNotre voiturette de golf \u00e9lectrique a une capacit\u00e9  jusqu\u2019\u00e0 24 personnes.\u00a0Confortable et spacieuse  dans sa conception et tr\u00e8s \u00e9cologique.\u00a0En cons\u00e9quence, le passager \u00e9prouve le luxe auquel  vous pouvez attendre dans les transports publics. En raison du plancher bas et acc\u00e8s facilement,   nos minibus \u00e9lectriques sont id\u00e9al  pour tous les \u00e9v\u00e9nements aussi bien en villes qu\u2019en villages ruraux.\u00a0De nombreux r\u00e9sidents et touristes ont donn\u00e9 leur r\u00e9action positive \u00e0 ce nouveau type de conduite \u00e9lectrique.\n\t\t\t\t\t\t\t\t<\/div>\n\t\t\t\t<\/div>\n\t\t\t\t\t<\/div>\n\t\t<\/div>\n\t\t\t\t\t<\/div>\n\t\t<\/section>\n\t\t\t\t<section class=\"elementor-section elementor-top-section elementor-element elementor-element-1bc6a11f elementor-section-full_width elementor-section-height-default elementor-section-height-default\" data-id=\"1bc6a11f\" data-element_type=\"section\" data-e-type=\"section\">\n\t\t\t\t\t\t<div class=\"elementor-container elementor-column-gap-default\">\n\t\t\t\t\t<div class=\"elementor-column elementor-col-50 elementor-top-column elementor-element elementor-element-7aa7ce1d\" data-id=\"7aa7ce1d\" data-element_type=\"column\" data-e-type=\"column\">\n\t\t\t<div class=\"elementor-widget-wrap elementor-element-populated\">\n\t\t\t\t\t\t<div class=\"elementor-element elementor-element-2c74810a elementor-widget elementor-widget-heading\" data-id=\"2c74810a\" data-element_type=\"widget\" data-e-type=\"widget\" data-widget_type=\"heading.default\">\n\t\t\t\t<div class=\"elementor-widget-container\">\n\t\t\t\t\t<h2 class=\"elementor-heading-title elementor-size-default\">TRANSPORT \u00c9LECTRIQUE DE PERSONNES <\/h2>\t\t\t\t<\/div>\n\t\t\t\t<\/div>\n\t\t\t\t<div class=\"elementor-element elementor-element-c80ef75 elementor-icon-list--layout-traditional elementor-list-item-link-full_width elementor-widget elementor-widget-icon-list\" data-id=\"c80ef75\" data-element_type=\"widget\" data-e-type=\"widget\" data-widget_type=\"icon-list.default\">\n\t\t\t\t<div class=\"elementor-widget-container\">\n\t\t\t\t\t\t\t<ul class=\"elementor-icon-list-items\">\n\t\t\t\t\t\t\t<li class=\"elementor-icon-list-item\">\n\t\t\t\t\t\t\t\t\t\t\t<span class=\"elementor-icon-list-icon\">\n\t\t\t\t\t\t\t<i aria-hidden=\"true\" class=\"far fa-arrow-alt-circle-right\"><\/i>\t\t\t\t\t\t<\/span>\n\t\t\t\t\t\t\t\t\t\t<span class=\"elementor-icon-list-text\">Organisez-vous r\u00e9guli\u00e8rement des \u00e9v\u00e9nements ?<\/span>\n\t\t\t\t\t\t\t\t\t<\/li>\n\t\t\t\t\t\t\t\t<li class=\"elementor-icon-list-item\">\n\t\t\t\t\t\t\t\t\t\t\t<span class=\"elementor-icon-list-icon\">\n\t\t\t\t\t\t\t<i aria-hidden=\"true\" class=\"far fa-arrow-alt-circle-right\"><\/i>\t\t\t\t\t\t<\/span>\n\t\t\t\t\t\t\t\t\t\t<span class=\"elementor-icon-list-text\">Ou travaillez-vous pour une municipalit\u00e9 ou un district?<\/span>\n\t\t\t\t\t\t\t\t\t<\/li>\n\t\t\t\t\t\t\t\t<li class=\"elementor-icon-list-item\">\n\t\t\t\t\t\t\t\t\t\t\t<span class=\"elementor-icon-list-icon\">\n\t\t\t\t\t\t\t<i aria-hidden=\"true\" class=\"far fa-arrow-alt-circle-right\"><\/i>\t\t\t\t\t\t<\/span>\n\t\t\t\t\t\t\t\t\t\t<span class=\"elementor-icon-list-text\">Ou cherchez-vous un moyen de transport pour le transport en groupe des enfants, des personnes \u00e2g\u00e9es ou  des personnes ayant besoin de soins.<\/span>\n\t\t\t\t\t\t\t\t\t<\/li>\n\t\t\t\t\t\t\t\t<li class=\"elementor-icon-list-item\">\n\t\t\t\t\t\t\t\t\t\t\t<span class=\"elementor-icon-list-icon\">\n\t\t\t\t\t\t\t<i aria-hidden=\"true\" class=\"far fa-arrow-alt-circle-right\"><\/i>\t\t\t\t\t\t<\/span>\n\t\t\t\t\t\t\t\t\t\t<span class=\"elementor-icon-list-text\">Si vous \u00eates \u00e0 la recherche d\u2019un autobus \u00e9lectrique de promenade dans votre municipalit\u00e9, nous sommes heureux de vous aider davantage.<\/span>\n\t\t\t\t\t\t\t\t\t<\/li>\n\t\t\t\t\t\t<\/ul>\n\t\t\t\t\t\t<\/div>\n\t\t\t\t<\/div>\n\t\t\t\t<div class=\"elementor-element elementor-element-4adadb72 elementor-widget elementor-widget-text-editor\" data-id=\"4adadb72\" data-element_type=\"widget\" data-e-type=\"widget\" data-widget_type=\"text-editor.default\">\n\t\t\t\t<div class=\"elementor-widget-container\">\n\t\t\t\t\t\t\t\t\t<p><strong>Si vous le souhaitez, nous livrons sans obligation d\u2019achat  un conducteur  chez vous afin que vous puissiez juger  par vous-m\u00eame ce type de v\u00e9hicule.<\/strong><\/p>\n\n<p>Nos navettes ou nos navettes 100% \u00e9lectriques sont livr\u00e9es selon  vos souhaits.\u00a0Bien s\u00fbr, il y a des possibilit\u00e9s infinies en termes de couleur et de confort, mais vous pouvez avoir des nombreuses possibilit\u00e9s concernant l\u2019int\u00e9rieur.\u00a0Nous aimerions conna\u00eetre vos souhaits et de ce fait nous vous  assurons  que votre autobus \u00e9lectrique r\u00e9pondra  \u00e0 toutes vos attentes.<\/p>\t\t\t\t\t\t\t\t<\/div>\n\t\t\t\t<\/div>\n\t\t\t\t\t<\/div>\n\t\t<\/div>\n\t\t\t\t<div class=\"elementor-column elementor-col-50 elementor-top-column elementor-element elementor-element-1e882947\" data-id=\"1e882947\" data-element_type=\"column\" data-e-type=\"column\" data-settings=\"{&quot;background_background&quot;:&quot;classic&quot;}\">\n\t\t\t<div class=\"elementor-widget-wrap elementor-element-populated\">\n\t\t\t\t\t\t<div class=\"elementor-element elementor-element-7e995ab9 elementor-widget elementor-widget-spacer\" data-id=\"7e995ab9\" data-element_type=\"widget\" data-e-type=\"widget\" data-widget_type=\"spacer.default\">\n\t\t\t\t<div class=\"elementor-widget-container\">\n\t\t\t\t\t\t\t<div class=\"elementor-spacer\">\n\t\t\t<div class=\"elementor-spacer-inner\"><\/div>\n\t\t<\/div>\n\t\t\t\t\t\t<\/div>\n\t\t\t\t<\/div>\n\t\t\t\t\t<\/div>\n\t\t<\/div>\n\t\t\t\t\t<\/div>\n\t\t<\/section>\n\t\t\t\t<section class=\"elementor-section elementor-top-section elementor-element elementor-element-4d73b2df elementor-section-boxed elementor-section-height-default elementor-section-height-default\" data-id=\"4d73b2df\" data-element_type=\"section\" data-e-type=\"section\" data-settings=\"{&quot;background_background&quot;:&quot;classic&quot;}\">\n\t\t\t\t\t\t<div class=\"elementor-container elementor-column-gap-default\">\n\t\t\t\t\t<div class=\"elementor-column elementor-col-100 elementor-top-column elementor-element elementor-element-397713f4\" data-id=\"397713f4\" data-element_type=\"column\" data-e-type=\"column\">\n\t\t\t<div class=\"elementor-widget-wrap elementor-element-populated\">\n\t\t\t\t\t\t<div class=\"elementor-element elementor-element-2c7f2eaf elementor-widget elementor-widget-heading\" data-id=\"2c7f2eaf\" data-element_type=\"widget\" data-e-type=\"widget\" data-widget_type=\"heading.default\">\n\t\t\t\t<div class=\"elementor-widget-container\">\n\t\t\t\t\t<h2 class=\"elementor-heading-title elementor-size-default\">Toutes les options imaginables<\/h2>\t\t\t\t<\/div>\n\t\t\t\t<\/div>\n\t\t\t\t<div class=\"elementor-element elementor-element-586ad073 elementor-widget elementor-widget-text-editor\" data-id=\"586ad073\" data-element_type=\"widget\" data-e-type=\"widget\" data-widget_type=\"text-editor.default\">\n\t\t\t\t<div class=\"elementor-widget-container\">\n\t\t\t\t\t\t\t\t\tDe la couleur \u00e0 l\u2019int\u00e9rieur &#8230;\u00a0Ouvert ou ferm\u00e9 &#8230;\u00a0Int\u00e9rieur sur mesure &#8230;\t\t\t\t\t\t\t\t<\/div>\n\t\t\t\t<\/div>\n\t\t\t\t\t<\/div>\n\t\t<\/div>\n\t\t\t\t\t<\/div>\n\t\t<\/section>\n\t\t\t\t<section class=\"elementor-section elementor-top-section elementor-element elementor-element-9fbc22b elementor-section-boxed elementor-section-height-default elementor-section-height-default\" data-id=\"9fbc22b\" data-element_type=\"section\" data-e-type=\"section\" data-settings=\"{&quot;background_background&quot;:&quot;classic&quot;}\">\n\t\t\t\t\t\t\t<div class=\"elementor-background-overlay\"><\/div>\n\t\t\t\t\t\t\t<div class=\"elementor-container elementor-column-gap-default\">\n\t\t\t\t\t<div class=\"elementor-column elementor-col-33 elementor-top-column elementor-element elementor-element-65485f27\" data-id=\"65485f27\" data-element_type=\"column\" data-e-type=\"column\">\n\t\t\t<div class=\"elementor-widget-wrap elementor-element-populated\">\n\t\t\t\t\t\t<div class=\"elementor-element elementor-element-7370b1a2 elementor-cta--skin-classic elementor-animated-content elementor-bg-transform elementor-bg-transform-zoom-in elementor-widget elementor-widget-call-to-action\" data-id=\"7370b1a2\" data-element_type=\"widget\" data-e-type=\"widget\" data-widget_type=\"call-to-action.default\">\n\t\t\t\t<div class=\"elementor-widget-container\">\n\t\t\t\t\t\t\t<div class=\"elementor-cta\">\n\t\t\t\t\t<div class=\"elementor-cta__bg-wrapper\">\n\t\t\t\t<div class=\"elementor-cta__bg elementor-bg\" style=\"background-image: url(https:\/\/eshuttlebus.be\/wp-content\/uploads\/2020\/05\/6-8-pers-1-1024x636.jpg);\" role=\"img\" aria-label=\"e-shuttlebus 8 personen\"><\/div>\n\t\t\t\t<div class=\"elementor-cta__bg-overlay\"><\/div>\n\t\t\t<\/div>\n\t\t\t\t\t\t\t<div class=\"elementor-cta__content\">\n\t\t\t\t\n\t\t\t\t\t\t\t\t\t<h2 class=\"elementor-cta__title elementor-cta__content-item elementor-content-item\">\n\t\t\t\t\t\tachat de e-shuttle bus\u200b\t\t\t\t\t<\/h2>\n\t\t\t\t\n\t\t\t\t\t\t\t\t\t<div class=\"elementor-cta__description elementor-cta__content-item elementor-content-item\">\n\t\t\t\t\t\t8 personnes\t\t\t\t\t<\/div>\n\t\t\t\t\n\t\t\t\t\t\t\t\t\t<div class=\"elementor-cta__button-wrapper elementor-cta__content-item elementor-content-item \">\n\t\t\t\t\t<a class=\"elementor-cta__button elementor-button elementor-size-\" href=\"\/fr\/e-shuttle-bus-8-personnes\/\">\n\t\t\t\t\t\tPour en savoir plus\t\t\t\t\t<\/a>\n\t\t\t\t\t<\/div>\n\t\t\t\t\t\t\t<\/div>\n\t\t\t\t\t\t<\/div>\n\t\t\t\t\t\t<\/div>\n\t\t\t\t<\/div>\n\t\t\t\t\t<\/div>\n\t\t<\/div>\n\t\t\t\t<div class=\"elementor-column elementor-col-33 elementor-top-column elementor-element elementor-element-cb51dc4\" data-id=\"cb51dc4\" data-element_type=\"column\" data-e-type=\"column\">\n\t\t\t<div class=\"elementor-widget-wrap elementor-element-populated\">\n\t\t\t\t\t\t<div class=\"elementor-element elementor-element-2ec1b34 elementor-cta--skin-classic elementor-animated-content elementor-bg-transform elementor-bg-transform-zoom-in elementor-widget elementor-widget-call-to-action\" data-id=\"2ec1b34\" data-element_type=\"widget\" data-e-type=\"widget\" data-widget_type=\"call-to-action.default\">\n\t\t\t\t<div class=\"elementor-widget-container\">\n\t\t\t\t\t\t\t<div class=\"elementor-cta\">\n\t\t\t\t\t<div class=\"elementor-cta__bg-wrapper\">\n\t\t\t\t<div class=\"elementor-cta__bg elementor-bg\" style=\"background-image: url(https:\/\/eshuttlebus.be\/wp-content\/uploads\/2020\/05\/e-shuttlebus-4-1024x683.jpg);\" role=\"img\" aria-label=\"e-shuttlebus 4\"><\/div>\n\t\t\t\t<div class=\"elementor-cta__bg-overlay\"><\/div>\n\t\t\t<\/div>\n\t\t\t\t\t\t\t<div class=\"elementor-cta__content\">\n\t\t\t\t\n\t\t\t\t\t\t\t\t\t<h2 class=\"elementor-cta__title elementor-cta__content-item elementor-content-item\">\n\t\t\t\t\t\tachat de e-shuttle bus\u200b\t\t\t\t\t<\/h2>\n\t\t\t\t\n\t\t\t\t\t\t\t\t\t<div class=\"elementor-cta__description elementor-cta__content-item elementor-content-item\">\n\t\t\t\t\t\t14 personnes\t\t\t\t\t<\/div>\n\t\t\t\t\n\t\t\t\t\t\t\t\t\t<div class=\"elementor-cta__button-wrapper elementor-cta__content-item elementor-content-item \">\n\t\t\t\t\t<a class=\"elementor-cta__button elementor-button elementor-size-\" href=\"\/fr\/e-shuttle-bus-14-personnes\/\">\n\t\t\t\t\t\tPour en savoir plus\t\t\t\t\t<\/a>\n\t\t\t\t\t<\/div>\n\t\t\t\t\t\t\t<\/div>\n\t\t\t\t\t\t<\/div>\n\t\t\t\t\t\t<\/div>\n\t\t\t\t<\/div>\n\t\t\t\t\t<\/div>\n\t\t<\/div>\n\t\t\t\t<div class=\"elementor-column elementor-col-33 elementor-top-column elementor-element elementor-element-39ccd093\" data-id=\"39ccd093\" data-element_type=\"column\" data-e-type=\"column\">\n\t\t\t<div class=\"elementor-widget-wrap elementor-element-populated\">\n\t\t\t\t\t\t<div class=\"elementor-element elementor-element-44a82498 elementor-cta--skin-classic elementor-animated-content elementor-bg-transform elementor-bg-transform-zoom-in elementor-widget elementor-widget-call-to-action\" data-id=\"44a82498\" data-element_type=\"widget\" data-e-type=\"widget\" data-widget_type=\"call-to-action.default\">\n\t\t\t\t<div class=\"elementor-widget-container\">\n\t\t\t\t\t\t\t<div class=\"elementor-cta\">\n\t\t\t\t\t<div class=\"elementor-cta__bg-wrapper\">\n\t\t\t\t<div class=\"elementor-cta__bg elementor-bg\" style=\"background-image: url(https:\/\/eshuttlebus.be\/wp-content\/uploads\/2020\/05\/e-shuttlebus-2-1024x683.jpg);\" role=\"img\" aria-label=\"e-shuttlebus 2\"><\/div>\n\t\t\t\t<div class=\"elementor-cta__bg-overlay\"><\/div>\n\t\t\t<\/div>\n\t\t\t\t\t\t\t<div class=\"elementor-cta__content\">\n\t\t\t\t\n\t\t\t\t\t\t\t\t\t<h2 class=\"elementor-cta__title elementor-cta__content-item elementor-content-item\">\n\t\t\t\t\t\tachat de e-shuttle bus\u200b\t\t\t\t\t<\/h2>\n\t\t\t\t\n\t\t\t\t\t\t\t\t\t<div class=\"elementor-cta__description elementor-cta__content-item elementor-content-item\">\n\t\t\t\t\t\t23 personnes\t\t\t\t\t<\/div>\n\t\t\t\t\n\t\t\t\t\t\t\t\t\t<div class=\"elementor-cta__button-wrapper elementor-cta__content-item elementor-content-item \">\n\t\t\t\t\t<a class=\"elementor-cta__button elementor-button elementor-size-\" href=\"\/fr\/e-shuttle-bus-23-personnes\/\">\n\t\t\t\t\t\tPour en savoir plus\t\t\t\t\t<\/a>\n\t\t\t\t\t<\/div>\n\t\t\t\t\t\t\t<\/div>\n\t\t\t\t\t\t<\/div>\n\t\t\t\t\t\t<\/div>\n\t\t\t\t<\/div>\n\t\t\t\t\t<\/div>\n\t\t<\/div>\n\t\t\t\t\t<\/div>\n\t\t<\/section>\n\t\t\t\t<\/div>\n\t\t","protected":false},"excerpt":{"rendered":"<p>achat de e-shuttle bus Acheter navette \u00e9lectrique 100% \u00e9lectrique Toutes les options possibles.\u00a0Version ouverte ou ferm\u00e9e &#8230; Notre voiturette de golf \u00e9lectrique a une capacit\u00e9 jusqu\u2019\u00e0 24 personnes.\u00a0Confortable et spacieuse dans sa conception et tr\u00e8s \u00e9cologique.\u00a0En cons\u00e9quence, le passager \u00e9prouve le luxe auquel vous pouvez attendre dans les transports publics. En raison du plancher bas [&hellip;]<\/p>\n","protected":false},"author":1,"featured_media":0,"parent":0,"menu_order":0,"comment_status":"closed","ping_status":"closed","template":"elementor_header_footer","meta":{"footnotes":""},"class_list":["post-500","page","type-page","status-publish","hentry"],"yoast_head":"<!-- This site is optimized with the Yoast SEO plugin v26.9 - https:\/\/yoast.com\/product\/yoast-seo-wordpress\/ -->\n<title>Achat de e-shuttle bus - e-shuttlebus - 100% elektrisch<\/title>\n<meta name=\"description\" content=\"Onze e-shuttlebussen hebben een capaciteit tot 24 personen. Onze 100% elektrische shuttle- of pendelbussen worden volledig naar uw wensen afgeleverd.\" \/>\n<meta name=\"robots\" content=\"index, follow, max-snippet:-1, max-image-preview:large, max-video-preview:-1\" \/>\n<link rel=\"canonical\" href=\"https:\/\/eshuttlebus.be\/e-shuttlebus-kopen\/\" \/>\n<meta property=\"og:locale\" content=\"fr_FR\" \/>\n<meta property=\"og:type\" content=\"article\" \/>\n<meta property=\"og:title\" content=\"Achat de e-shuttle bus - e-shuttlebus - 100% elektrisch\" \/>\n<meta property=\"og:description\" content=\"Onze e-shuttlebussen hebben een capaciteit tot 24 personen. Onze 100% elektrische shuttle- of pendelbussen worden volledig naar uw wensen afgeleverd.\" \/>\n<meta property=\"og:url\" content=\"https:\/\/eshuttlebus.be\/e-shuttlebus-kopen\/\" \/>\n<meta property=\"og:site_name\" content=\"e-shuttlebus\" \/>\n<meta property=\"article:modified_time\" content=\"2024-01-31T18:02:04+00:00\" \/>\n<meta name=\"twitter:card\" content=\"summary_large_image\" \/>\n<meta name=\"twitter:label1\" content=\"Dur\u00e9e de lecture est.\" \/>\n\t<meta name=\"twitter:data1\" content=\"2 minutes\" \/>\n<script type=\"application\/ld+json\" class=\"yoast-schema-graph\">{\"@context\":\"https:\/\/schema.org\",\"@graph\":[{\"@type\":\"WebPage\",\"@id\":\"https:\/\/eshuttlebus.be\/e-shuttlebus-kopen\/\",\"url\":\"https:\/\/eshuttlebus.be\/e-shuttlebus-kopen\/\",\"name\":\"Achat de e-shuttle bus - e-shuttlebus - 100% elektrisch\",\"isPartOf\":{\"@id\":\"https:\/\/eshuttlebus.be\/#website\"},\"datePublished\":\"2020-05-05T09:42:36+00:00\",\"dateModified\":\"2024-01-31T18:02:04+00:00\",\"description\":\"Onze e-shuttlebussen hebben een capaciteit tot 24 personen. Onze 100% elektrische shuttle- of pendelbussen worden volledig naar uw wensen afgeleverd.\",\"breadcrumb\":{\"@id\":\"https:\/\/eshuttlebus.be\/e-shuttlebus-kopen\/#breadcrumb\"},\"inLanguage\":\"fr-BE\",\"potentialAction\":[{\"@type\":\"ReadAction\",\"target\":[\"https:\/\/eshuttlebus.be\/e-shuttlebus-kopen\/\"]}]},{\"@type\":\"BreadcrumbList\",\"@id\":\"https:\/\/eshuttlebus.be\/e-shuttlebus-kopen\/#breadcrumb\",\"itemListElement\":[{\"@type\":\"ListItem\",\"position\":1,\"name\":\"Home\",\"item\":\"https:\/\/eshuttlebus.be\/fr\/\"},{\"@type\":\"ListItem\",\"position\":2,\"name\":\"Achat de e-shuttle bus\"}]},{\"@type\":\"WebSite\",\"@id\":\"https:\/\/eshuttlebus.be\/#website\",\"url\":\"https:\/\/eshuttlebus.be\/\",\"name\":\"e-shuttlebus\",\"description\":\"100% elektrisch en milieuvriendelijk personenvervoer\",\"publisher\":{\"@id\":\"https:\/\/eshuttlebus.be\/#organization\"},\"potentialAction\":[{\"@type\":\"SearchAction\",\"target\":{\"@type\":\"EntryPoint\",\"urlTemplate\":\"https:\/\/eshuttlebus.be\/?s={search_term_string}\"},\"query-input\":{\"@type\":\"PropertyValueSpecification\",\"valueRequired\":true,\"valueName\":\"search_term_string\"}}],\"inLanguage\":\"fr-BE\"},{\"@type\":\"Organization\",\"@id\":\"https:\/\/eshuttlebus.be\/#organization\",\"name\":\"e-shuttlebus DistriMob\",\"url\":\"https:\/\/eshuttlebus.be\/\",\"logo\":{\"@type\":\"ImageObject\",\"inLanguage\":\"fr-BE\",\"@id\":\"https:\/\/eshuttlebus.be\/#\/schema\/logo\/image\/\",\"url\":\"https:\/\/eshuttlebus.be\/wp-content\/uploads\/2020\/05\/e-shuttlebus-logo.png\",\"contentUrl\":\"https:\/\/eshuttlebus.be\/wp-content\/uploads\/2020\/05\/e-shuttlebus-logo.png\",\"width\":549,\"height\":157,\"caption\":\"e-shuttlebus DistriMob\"},\"image\":{\"@id\":\"https:\/\/eshuttlebus.be\/#\/schema\/logo\/image\/\"}}]}<\/script>\n<!-- \/ Yoast SEO plugin. -->","yoast_head_json":{"title":"Achat de e-shuttle bus - e-shuttlebus - 100% elektrisch","description":"Onze e-shuttlebussen hebben een capaciteit tot 24 personen. Onze 100% elektrische shuttle- of pendelbussen worden volledig naar uw wensen afgeleverd.","robots":{"index":"index","follow":"follow","max-snippet":"max-snippet:-1","max-image-preview":"max-image-preview:large","max-video-preview":"max-video-preview:-1"},"canonical":"https:\/\/eshuttlebus.be\/e-shuttlebus-kopen\/","og_locale":"fr_FR","og_type":"article","og_title":"Achat de e-shuttle bus - e-shuttlebus - 100% elektrisch","og_description":"Onze e-shuttlebussen hebben een capaciteit tot 24 personen. Onze 100% elektrische shuttle- of pendelbussen worden volledig naar uw wensen afgeleverd.","og_url":"https:\/\/eshuttlebus.be\/e-shuttlebus-kopen\/","og_site_name":"e-shuttlebus","article_modified_time":"2024-01-31T18:02:04+00:00","twitter_card":"summary_large_image","twitter_misc":{"Dur\u00e9e de lecture est.":"2 minutes"},"schema":{"@context":"https:\/\/schema.org","@graph":[{"@type":"WebPage","@id":"https:\/\/eshuttlebus.be\/e-shuttlebus-kopen\/","url":"https:\/\/eshuttlebus.be\/e-shuttlebus-kopen\/","name":"Achat de e-shuttle bus - e-shuttlebus - 100% elektrisch","isPartOf":{"@id":"https:\/\/eshuttlebus.be\/#website"},"datePublished":"2020-05-05T09:42:36+00:00","dateModified":"2024-01-31T18:02:04+00:00","description":"Onze e-shuttlebussen hebben een capaciteit tot 24 personen. Onze 100% elektrische shuttle- of pendelbussen worden volledig naar uw wensen afgeleverd.","breadcrumb":{"@id":"https:\/\/eshuttlebus.be\/e-shuttlebus-kopen\/#breadcrumb"},"inLanguage":"fr-BE","potentialAction":[{"@type":"ReadAction","target":["https:\/\/eshuttlebus.be\/e-shuttlebus-kopen\/"]}]},{"@type":"BreadcrumbList","@id":"https:\/\/eshuttlebus.be\/e-shuttlebus-kopen\/#breadcrumb","itemListElement":[{"@type":"ListItem","position":1,"name":"Home","item":"https:\/\/eshuttlebus.be\/fr\/"},{"@type":"ListItem","position":2,"name":"Achat de e-shuttle bus"}]},{"@type":"WebSite","@id":"https:\/\/eshuttlebus.be\/#website","url":"https:\/\/eshuttlebus.be\/","name":"e-shuttlebus","description":"100% elektrisch en milieuvriendelijk personenvervoer","publisher":{"@id":"https:\/\/eshuttlebus.be\/#organization"},"potentialAction":[{"@type":"SearchAction","target":{"@type":"EntryPoint","urlTemplate":"https:\/\/eshuttlebus.be\/?s={search_term_string}"},"query-input":{"@type":"PropertyValueSpecification","valueRequired":true,"valueName":"search_term_string"}}],"inLanguage":"fr-BE"},{"@type":"Organization","@id":"https:\/\/eshuttlebus.be\/#organization","name":"e-shuttlebus DistriMob","url":"https:\/\/eshuttlebus.be\/","logo":{"@type":"ImageObject","inLanguage":"fr-BE","@id":"https:\/\/eshuttlebus.be\/#\/schema\/logo\/image\/","url":"https:\/\/eshuttlebus.be\/wp-content\/uploads\/2020\/05\/e-shuttlebus-logo.png","contentUrl":"https:\/\/eshuttlebus.be\/wp-content\/uploads\/2020\/05\/e-shuttlebus-logo.png","width":549,"height":157,"caption":"e-shuttlebus DistriMob"},"image":{"@id":"https:\/\/eshuttlebus.be\/#\/schema\/logo\/image\/"}}]}},"_links":{"self":[{"href":"https:\/\/eshuttlebus.be\/fr\/wp-json\/wp\/v2\/pages\/500","targetHints":{"allow":["GET"]}}],"collection":[{"href":"https:\/\/eshuttlebus.be\/fr\/wp-json\/wp\/v2\/pages"}],"about":[{"href":"https:\/\/eshuttlebus.be\/fr\/wp-json\/wp\/v2\/types\/page"}],"author":[{"embeddable":true,"href":"https:\/\/eshuttlebus.be\/fr\/wp-json\/wp\/v2\/users\/1"}],"replies":[{"embeddable":true,"href":"https:\/\/eshuttlebus.be\/fr\/wp-json\/wp\/v2\/comments?post=500"}],"version-history":[{"count":20,"href":"https:\/\/eshuttlebus.be\/fr\/wp-json\/wp\/v2\/pages\/500\/revisions"}],"predecessor-version":[{"id":995,"href":"https:\/\/eshuttlebus.be\/fr\/wp-json\/wp\/v2\/pages\/500\/revisions\/995"}],"wp:attachment":[{"href":"https:\/\/eshuttlebus.be\/fr\/wp-json\/wp\/v2\/media?parent=500"}],"curies":[{"name":"wp","href":"https:\/\/api.w.org\/{rel}","templated":true}]}}